{"id":107,"date":"2023-09-22T13:37:38","date_gmt":"2023-09-22T10:37:38","guid":{"rendered":"https:\/\/hokkinen.fi\/?page_id=107"},"modified":"2024-02-22T15:04:36","modified_gmt":"2024-02-22T13:04:36","slug":"koulukuljetukset","status":"publish","type":"page","link":"https:\/\/hokkinen.fi\/?page_id=107","title":{"rendered":"Koulukuljetukset"},"content":{"rendered":"<p>[et_pb_section fb_built=&#8221;1&#8243; admin_label=&#8221;section&#8221; _builder_version=&#8221;4.22.2&#8243; background_color=&#8221;#FFFFFF&#8221; top_divider_height=&#8221;52px&#8221; bottom_divider_height=&#8221;52px&#8221; global_colors_info=&#8221;{}&#8221;][et_pb_row column_structure=&#8221;1_4,1_4,1_2&#8243; admin_label=&#8221;row&#8221; _builder_version=&#8221;4.22.2&#8243; background_size=&#8221;initial&#8221; background_position=&#8221;top_left&#8221; background_repeat=&#8221;repeat&#8221; global_colors_info=&#8221;{}&#8221;][et_pb_column type=&#8221;1_4&#8243; _builder_version=&#8221;4.16&#8243; custom_padding=&#8221;|||&#8221; global_colors_info=&#8221;{}&#8221; custom_padding__hover=&#8221;|||&#8221;][et_pb_image src=&#8221;https:\/\/hokkinen.fi\/wp-content\/uploads\/2023\/09\/Laukaan-kartta.png&#8221; title_text=&#8221;Laukaan kartta&#8221; _builder_version=&#8221;4.22.2&#8243; _module_preset=&#8221;default&#8221; global_colors_info=&#8221;{}&#8221;][\/et_pb_image][\/et_pb_column][et_pb_column type=&#8221;1_4&#8243; _builder_version=&#8221;4.16&#8243; custom_padding=&#8221;|||&#8221; global_colors_info=&#8221;{}&#8221; custom_padding__hover=&#8221;|||&#8221;][et_pb_heading title=&#8221;LAUKAN KOULUKULJETUKSET&#8221; _builder_version=&#8221;4.24.1&#8243; _module_preset=&#8221;default&#8221; title_font=&#8221;Actor||||||||&#8221; title_text_color=&#8221;#2F5400&#8243; title_font_size=&#8221;33px&#8221; text_shadow_style=&#8221;preset2&#8243; text_shadow_vertical_length=&#8221;0.04em&#8221; global_colors_info=&#8221;{}&#8221;][\/et_pb_heading][et_pb_text _builder_version=&#8221;4.22.2&#8243; _module_preset=&#8221;default&#8221; text_font_size=&#8221;16px&#8221; global_colors_info=&#8221;{}&#8221;]<\/p>\n<p>Oheinen kartta kuvaa sit\u00e4 osaa Laukaan koulukuljetuksista miss\u00e4 Tilausliikenne Hokkinen on jollakin tasolla toimijana mukana. Kuntamme on laaja ja kuten monella muullakin kunnalla talousvaikeudet ovat iso haaste. Samalla, kun kunnan kanssa yrit\u00e4mme hoitaa kaikkien lasten kuljetusta mahdollisimman lapsiyst\u00e4v\u00e4llisesti, joudumme hyv\u00e4ksym\u00e4\u00e4n ik\u00e4vi\u00e4 rajoitteita. Kuljetuksia on mahdoton suunnitella tarkalla minuuttiaikataululla pienill\u00e4 takseilla ajettaviksi, mik\u00e4 taas mahdollistaisi pienet odotusajat lapsille. Kantolassa oleva Saham\u00e4enkujan th hakupaikka on hyv\u00e4 esimerkki t\u00e4st\u00e4. Haetaanko lapsia osana muuta kuljetusta isommalla autolla vai l\u00e4hetet\u00e4\u00e4nk\u00f6 sinne kolme pient\u00e4 autoa erikseen hakemaan lapsia? V\u00e4kisinkin joudumme tekem\u00e4\u00e4n kompromisseja, jotka eiv\u00e4t valitettavasti ole aina mukavia. Pisimmill\u00e4 reiteill\u00e4 alkaa tulla lakis\u00e4\u00e4teiset koulukuljetusajatkin jo vastaan.\u00a0<\/p>\n<p>[\/et_pb_text][et_pb_video src_webm=&#8221;https:\/\/hokkinen.fi\/wp-content\/uploads\/2023\/09\/Sequence-01_YouTube_1.mp4&#8243; _builder_version=&#8221;4.22.2&#8243; _module_preset=&#8221;default&#8221; global_colors_info=&#8221;{}&#8221;][\/et_pb_video][\/et_pb_column][et_pb_column type=&#8221;1_2&#8243; _builder_version=&#8221;4.16&#8243; custom_padding=&#8221;|||&#8221; global_colors_info=&#8221;{}&#8221; custom_padding__hover=&#8221;|||&#8221;][et_pb_heading title=&#8221;Koulukuljetuksen periaatteita&#8221; _builder_version=&#8221;4.22.2&#8243; _module_preset=&#8221;default&#8221; text_shadow_style=&#8221;preset2&#8243; text_shadow_horizontal_length=&#8221;0.05em&#8221; text_shadow_vertical_length=&#8221;-0.01em&#8221; global_colors_info=&#8221;{}&#8221;][\/et_pb_heading][et_pb_blurb title=&#8221;Auton odottaminen&#8221; image_icon_background_color=&#8221;gcid-a2350b10-418b-42fb-a64f-595e76ef52f3&#8243; image=&#8221;data:image\/svg+xml;base64,PHN2ZyB3aWR0aD0iMTA4MCIgaGVpZ2h0PSI1NDAiIHZpZXdCb3g9IjAgMCAxMDgwIDU0MCIgeG1sbnM9Imh0dHA6Ly93d3cudzMub3JnLzIwMDAvc3ZnIj4KICAgIDxnIGZpbGw9Im5vbmUiIGZpbGwtcnVsZT0iZXZlbm9kZCI+CiAgICAgICAgPHBhdGggZmlsbD0iI0VCRUJFQiIgZD0iTTAgMGgxMDgwdjU0MEgweiIvPgogICAgICAgIDxwYXRoIGQ9Ik00NDUuNjQ5IDU0MGgtOTguOTk1TDE0NC42NDkgMzM3Ljk5NSAwIDQ4Mi42NDR2LTk4Ljk5NWwxMTYuMzY1LTExNi4zNjVjMTUuNjItMTUuNjIgNDAuOTQ3LTE1LjYyIDU2LjU2OCAwTDQ0NS42NSA1NDB6IiBmaWxsLW9wYWNpdHk9Ii4xIiBmaWxsPSIjMDAwIiBmaWxsLXJ1bGU9Im5vbnplcm8iLz4KICAgICAgICA8Y2lyY2xlIGZpbGwtb3BhY2l0eT0iLjA1IiBmaWxsPSIjMDAwIiBjeD0iMzMxIiBjeT0iMTQ4IiByPSI3MCIvPgogICAgICAgIDxwYXRoIGQ9Ik0xMDgwIDM3OXYxMTMuMTM3TDcyOC4xNjIgMTQwLjMgMzI4LjQ2MiA1NDBIMjE1LjMyNEw2OTkuODc4IDU1LjQ0NmMxNS42Mi0xNS42MiA0MC45NDgtMTUuNjIgNTYuNTY4IDBMMTA4MCAzNzl6IiBmaWxsLW9wYWNpdHk9Ii4yIiBmaWxsPSIjMDAwIiBmaWxsLXJ1bGU9Im5vbnplcm8iLz4KICAgIDwvZz4KPC9zdmc+Cg==&#8221; icon_placement=&#8221;left&#8221; _builder_version=&#8221;4.22.2&#8243; _module_preset=&#8221;default&#8221; body_font_size=&#8221;16px&#8221; border_color_all_image=&#8221;#2F5400&#8243; global_colors_info=&#8221;{%22gcid-a2350b10-418b-42fb-a64f-595e76ef52f3%22:%91%22image_icon_background_color%22%93}&#8221;]<\/p>\n<p>Ilmoitettu pys\u00e4kkiaika ei tarkoita, ett\u00e4 auto tulee silloin. Annettu aika tarkoittaa (kuten normaalissakin linja-autoliikenteess\u00e4), <strong>ett\u00e4 auto ei saa ajaa ohi ko. pys\u00e4kilt\u00e4 ennen tuota aikaa<\/strong>. Auto ei ole sin\u00e4ns\u00e4 my\u00f6h\u00e4ss\u00e4, kun se saapuu pys\u00e4kille jonkin verran ilmoitettua aikaa my\u00f6hemmin. Varsinkin talvella hankalissa keliolosuhteissa t\u00e4h\u00e4n on syyt\u00e4 varautua. Pys\u00e4kkiajat ilmoitetaan 5 min. v\u00e4lein, joten l\u00e4heisill\u00e4 pys\u00e4keill\u00e4 voi olla merkittyn\u00e4 sama aika.<\/p>\n<p>Laukaan kunnan Oppilaskuljetuss\u00e4\u00e4nn\u00f6ss\u00e4 oppilaita ohjataan tulemaan pys\u00e4kille &#8211; ei vain pys\u00e4kin l\u00e4heisyyteen &#8211; viisi minuuttia ilmoitettua aikaa aiemmin. \u00a0Mik\u00e4li listan mukaiset oppilaat ovat kaikki kyydiss\u00e4, auto saa l\u00e4hte\u00e4 pys\u00e4kilt\u00e4 my\u00f6s ilmoitettua aikaa aiemmin. Oppilaskuljetuss\u00e4\u00e4nn\u00f6ss\u00e4 todetaan my\u00f6s, ett\u00e4 oppilaan ollessa my\u00f6h\u00e4ss\u00e4 auto ei odota, eik\u00e4 tule hakemaan kyydist\u00e4 j\u00e4\u00e4nytt\u00e4 oppilasta. N\u00e4ill\u00e4 ohjeilla pyrit\u00e4\u00e4n saamaan aikataulu mahdollisimman hyvin kaikkia osapuolia palvelevaksi. Kukaan meist\u00e4: oppilas, koulu, kunta, kuljettaja, ei halua odotuttaa toisia turhaan! Me Hokkisella olemme todella pahoillamme, kun oppilas toisinaan syyst\u00e4 tai toisesta joutuu odottamaan hieman pidemp\u00e4\u00e4n autoa sateessa, pakkasessa tai muutoinkin.<\/p>\n<p>Poikkeuksellisen viiv\u00e4stymisen tilanteissa oppilaalla olisi olla hyv\u00e4 olla mahdollisuus esim. puhelimella ilmoittaa asiasta kotiin, kouluun tai suoraan Hokkiselle p. 050\u00a0590 9502. Useissa tapauksissa pystymme kohtuullisen nopeasti j\u00e4rjest\u00e4m\u00e4\u00e4n korvaavan kuljetuksen, kun vain heti tied\u00e4mme mahdollisesta ongelmasta.<\/p>\n<p>[\/et_pb_blurb][et_pb_blurb title=&#8221;Kaverikyydit&#8221; image=&#8221;data:image\/svg+xml;base64,PHN2ZyB3aWR0aD0iMTA4MCIgaGVpZ2h0PSI1NDAiIHZpZXdCb3g9IjAgMCAxMDgwIDU0MCIgeG1sbnM9Imh0dHA6Ly93d3cudzMub3JnLzIwMDAvc3ZnIj4KICAgIDxnIGZpbGw9Im5vbmUiIGZpbGwtcnVsZT0iZXZlbm9kZCI+CiAgICAgICAgPHBhdGggZmlsbD0iI0VCRUJFQiIgZD0iTTAgMGgxMDgwdjU0MEgweiIvPgogICAgICAgIDxwYXRoIGQ9Ik00NDUuNjQ5IDU0MGgtOTguOTk1TDE0NC42NDkgMzM3Ljk5NSAwIDQ4Mi42NDR2LTk4Ljk5NWwxMTYuMzY1LTExNi4zNjVjMTUuNjItMTUuNjIgNDAuOTQ3LTE1LjYyIDU2LjU2OCAwTDQ0NS42NSA1NDB6IiBmaWxsLW9wYWNpdHk9Ii4xIiBmaWxsPSIjMDAwIiBmaWxsLXJ1bGU9Im5vbnplcm8iLz4KICAgICAgICA8Y2lyY2xlIGZpbGwtb3BhY2l0eT0iLjA1IiBmaWxsPSIjMDAwIiBjeD0iMzMxIiBjeT0iMTQ4IiByPSI3MCIvPgogICAgICAgIDxwYXRoIGQ9Ik0xMDgwIDM3OXYxMTMuMTM3TDcyOC4xNjIgMTQwLjMgMzI4LjQ2MiA1NDBIMjE1LjMyNEw2OTkuODc4IDU1LjQ0NmMxNS42Mi0xNS42MiA0MC45NDgtMTUuNjIgNTYuNTY4IDBMMTA4MCAzNzl6IiBmaWxsLW9wYWNpdHk9Ii4yIiBmaWxsPSIjMDAwIiBmaWxsLXJ1bGU9Im5vbnplcm8iLz4KICAgIDwvZz4KPC9zdmc+Cg==&#8221; icon_placement=&#8221;left&#8221; _builder_version=&#8221;4.22.2&#8243; _module_preset=&#8221;default&#8221; body_font_size=&#8221;16px&#8221; global_colors_info=&#8221;{}&#8221;]<\/p>\n<p>Koulu voi antaa poikkeusluvan kulkea autolla kaverin luokse, jos autoon mahtuu. N\u00e4ist\u00e4 on sovittava ennakkoon koulun ja kodin v\u00e4lill\u00e4. Emme voi kuljettaa ket\u00e4\u00e4n kaverien luokse pelk\u00e4st\u00e4\u00e4n oppilaiden ilmoituksella, vaan tarvitsemme luvan opettajilta tai ohjaajilta lasten noustessa kyytiin. Linjanveto on kouluilla ja kunnalla. Jotkin koulut ovat kielt\u00e4neet kokonaan kaverikuljetukset. Huoltajien on syyt\u00e4 huomioida, ett\u00e4 koulumatkan vakuutus on voimassa vain kodin ja koulun v\u00e4lisell\u00e4 matkalla. Eli kaverien luokse (tai kaupassak\u00e4ynnin j\u00e4lkeen kotiin) menness\u00e4 koulun vakuutus ei ole en\u00e4\u00e4 voimassa, koska kyseess\u00e4 ei ole en\u00e4\u00e4 kotimatka. Toki liikennevakuutus vastaa l\u00e4ht\u00f6kohtaisesti aina autossa olevien henkil\u00f6vahingoista liikenneonnettomuustilanteissa.<\/p>\n<p>[\/et_pb_blurb][et_pb_blurb title=&#8221;Unohdetut tavarat&#8221; image=&#8221;data:image\/svg+xml;base64,PHN2ZyB3aWR0aD0iMTA4MCIgaGVpZ2h0PSI1NDAiIHZpZXdCb3g9IjAgMCAxMDgwIDU0MCIgeG1sbnM9Imh0dHA6Ly93d3cudzMub3JnLzIwMDAvc3ZnIj4KICAgIDxnIGZpbGw9Im5vbmUiIGZpbGwtcnVsZT0iZXZlbm9kZCI+CiAgICAgICAgPHBhdGggZmlsbD0iI0VCRUJFQiIgZD0iTTAgMGgxMDgwdjU0MEgweiIvPgogICAgICAgIDxwYXRoIGQ9Ik00NDUuNjQ5IDU0MGgtOTguOTk1TDE0NC42NDkgMzM3Ljk5NSAwIDQ4Mi42NDR2LTk4Ljk5NWwxMTYuMzY1LTExNi4zNjVjMTUuNjItMTUuNjIgNDAuOTQ3LTE1LjYyIDU2LjU2OCAwTDQ0NS42NSA1NDB6IiBmaWxsLW9wYWNpdHk9Ii4xIiBmaWxsPSIjMDAwIiBmaWxsLXJ1bGU9Im5vbnplcm8iLz4KICAgICAgICA8Y2lyY2xlIGZpbGwtb3BhY2l0eT0iLjA1IiBmaWxsPSIjMDAwIiBjeD0iMzMxIiBjeT0iMTQ4IiByPSI3MCIvPgogICAgICAgIDxwYXRoIGQ9Ik0xMDgwIDM3OXYxMTMuMTM3TDcyOC4xNjIgMTQwLjMgMzI4LjQ2MiA1NDBIMjE1LjMyNEw2OTkuODc4IDU1LjQ0NmMxNS42Mi0xNS42MiA0MC45NDgtMTUuNjIgNTYuNTY4IDBMMTA4MCAzNzl6IiBmaWxsLW9wYWNpdHk9Ii4yIiBmaWxsPSIjMDAwIiBmaWxsLXJ1bGU9Im5vbnplcm8iLz4KICAgIDwvZz4KPC9zdmc+Cg==&#8221; icon_placement=&#8221;left&#8221; _builder_version=&#8221;4.22.2&#8243; _module_preset=&#8221;default&#8221; body_font_size=&#8221;16px&#8221; global_colors_info=&#8221;{}&#8221;]<\/p>\n<p>Kev\u00e4\u00e4ll\u00e4 voisimme hyvin laittaa kirpputorille myyntip\u00f6yd\u00e4n unohdettujen vaatteiden yms. myymiseksi. Suosittelemme huoltajia merkkaamaan oppilaan nimen kaikkiin ulkovaatteisiin, urheiluvaatteisiin, liikuntav\u00e4lineisiin jne. Autot kulkeva p\u00e4\u00e4s\u00e4\u00e4nt\u00f6isesti samoja reittej\u00e4 ja etunimell\u00e4kin l\u00f6ytyy l\u00e4hes varmasti kadonneiden tavaroiden omistajat. S\u00e4ilyt\u00e4mme l\u00f6yt\u00f6tavaroita yleens\u00e4 noin kuukauden.<\/p>\n<p>[\/et_pb_blurb][et_pb_text _builder_version=&#8221;4.22.2&#8243; _module_preset=&#8221;default&#8221; global_colors_info=&#8221;{}&#8221;][\/et_pb_text][\/et_pb_column][\/et_pb_row][\/et_pb_section]<\/p>\n","protected":false},"excerpt":{"rendered":"<p>Oheinen kartta kuvaa sit\u00e4 osaa Laukaan koulukuljetuksista miss\u00e4 Tilausliikenne Hokkinen on jollakin tasolla toimijana mukana. Kuntamme on laaja ja kuten monella muullakin kunnalla talousvaikeudet ovat iso haaste. Samalla, kun kunnan kanssa yrit\u00e4mme hoitaa kaikkien lasten kuljetusta mahdollisimman lapsiyst\u00e4v\u00e4llisesti, joudumme hyv\u00e4ksym\u00e4\u00e4n ik\u00e4vi\u00e4 rajoitteita. Kuljetuksia on mahdoton suunnitella tarkalla minuuttiaikataululla pienill\u00e4 takseilla ajettaviksi, mik\u00e4 taas mahdollistaisi pienet [&hellip;]<\/p>\n","protected":false},"author":2,"featured_media":0,"parent":0,"menu_order":0,"comment_status":"closed","ping_status":"closed","template":"","meta":{"_et_pb_use_builder":"on","_et_pb_old_content":"","_et_gb_content_width":"","footnotes":""},"class_list":["post-107","page","type-page","status-publish","hentry"],"_links":{"self":[{"href":"https:\/\/hokkinen.fi\/index.php?rest_route=\/wp\/v2\/pages\/107","targetHints":{"allow":["GET"]}}],"collection":[{"href":"https:\/\/hokkinen.fi\/index.php?rest_route=\/wp\/v2\/pages"}],"about":[{"href":"https:\/\/hokkinen.fi\/index.php?rest_route=\/wp\/v2\/types\/page"}],"author":[{"embeddable":true,"href":"https:\/\/hokkinen.fi\/index.php?rest_route=\/wp\/v2\/users\/2"}],"replies":[{"embeddable":true,"href":"https:\/\/hokkinen.fi\/index.php?rest_route=%2Fwp%2Fv2%2Fcomments&post=107"}],"version-history":[{"count":13,"href":"https:\/\/hokkinen.fi\/index.php?rest_route=\/wp\/v2\/pages\/107\/revisions"}],"predecessor-version":[{"id":282,"href":"https:\/\/hokkinen.fi\/index.php?rest_route=\/wp\/v2\/pages\/107\/revisions\/282"}],"wp:attachment":[{"href":"https:\/\/hokkinen.fi\/index.php?rest_route=%2Fwp%2Fv2%2Fmedia&parent=107"}],"curies":[{"name":"wp","href":"https:\/\/api.w.org\/{rel}","templated":true}]}}