{"id":123,"date":"2023-09-22T13:42:40","date_gmt":"2023-09-22T10:42:40","guid":{"rendered":"https:\/\/hokkinen.fi\/?page_id=123"},"modified":"2024-02-26T11:36:15","modified_gmt":"2024-02-26T09:36:15","slug":"yhteystiedot","status":"publish","type":"page","link":"https:\/\/hokkinen.fi\/?page_id=123","title":{"rendered":"Yhteystiedot"},"content":{"rendered":"<p>[et_pb_section fb_built=&#8221;1&#8243; admin_label=&#8221;section&#8221; _builder_version=&#8221;4.22.2&#8243; background_color=&#8221;#2F5400&#8243; use_background_color_gradient=&#8221;on&#8221; background_color_gradient_type=&#8221;circular&#8221; background_color_gradient_direction_radial=&#8221;left&#8221; background_color_gradient_stops=&#8221;#2f5400 0%|#ffffff 69%&#8221; top_divider_height=&#8221;30px&#8221; bottom_divider_height=&#8221;30px&#8221; global_colors_info=&#8221;{}&#8221;][et_pb_row column_structure=&#8221;3_5,2_5&#8243; _builder_version=&#8221;4.22.2&#8243; _module_preset=&#8221;default&#8221; global_colors_info=&#8221;{}&#8221;][et_pb_column type=&#8221;3_5&#8243; _builder_version=&#8221;4.22.2&#8243; _module_preset=&#8221;default&#8221; global_colors_info=&#8221;{}&#8221;][et_pb_image src=&#8221;https:\/\/hokkinen.fi\/wp-content\/uploads\/2023\/10\/Miia_15x10_DSC_1215.jpg&#8221; title_text=&#8221;Miia_15x10_DSC_1215&#8243; _builder_version=&#8221;4.22.2&#8243; _module_preset=&#8221;default&#8221; global_colors_info=&#8221;{}&#8221;][\/et_pb_image][\/et_pb_column][et_pb_column type=&#8221;2_5&#8243; _builder_version=&#8221;4.22.2&#8243; _module_preset=&#8221;default&#8221; global_colors_info=&#8221;{}&#8221;][et_pb_text _builder_version=&#8221;4.22.2&#8243; _module_preset=&#8221;default&#8221; text_font_size=&#8221;16px&#8221; text_line_height=&#8221;1.8em&#8221; global_colors_info=&#8221;{}&#8221;]<\/p>\n<h1>Tilausliikenne Hokkinen Ky<\/h1>\n<h4>Takomokatu 5<\/h4>\n<h4>41310 Lepp\u00e4vesi<\/h4>\n<h2>Miia Rekola, toimitusjohtaja<\/h2>\n<h4>050 590 9502 | toimisto@hokkinen.fi<\/h4>\n<p>&nbsp;<\/p>\n<p>Miia on kolmannen polven yritt\u00e4j\u00e4 Hokkisen suvusta. Miian pappa Benjamin Hokkinen aloitti Tilausliikenne Hokkisen toiminnan sodan j\u00e4lkeen 1946. Sotaveteraani ja Karjalan evakko muutti Laukaan Lepp\u00e4vedelle ja p\u00e4\u00e4tti ty\u00f6llist\u00e4\u00e4 itsens\u00e4 autoalan yritt\u00e4j\u00e4n\u00e4. Yrityksen perustamisvuonna syntyi Esko Hokkinen, joka 1990 luvulla siirtyi yrityksen johtoon. Teknikko ja teknisenty\u00f6n opettaja oli jo \u00e4idinmaidossa saanut yritt\u00e4j\u00e4n mallin. Kun lapsesta asti oli seurannut yritt\u00e4j\u00e4n arkea ja kasvanut siin\u00e4 mukana, oli siirtyminen yrityksen johtoon luonnollinen ja jopa v\u00e4ist\u00e4m\u00e4t\u00f6n ratkaisu. Eskon johdolla yrityksen painopiste siirtyi normaalista taksiliikenteest\u00e4 yh\u00e4 enemm\u00e4n koulukuljetuksiin. 2000 luvun alussa yhti\u00f6\u00f6n palkattiin ulkopuolinen konttorip\u00e4\u00e4llikk\u00f6\/ajoj\u00e4rjestelij\u00e4 KTM Markus Rekola. Markuksesta tuli Eskolle v\u00e4vy ja puolison my\u00f6t\u00e4 Miiaakin alettiin ajamaan sis\u00e4lle yritt\u00e4jyyden saloihin. Miian koulutus on terveydenhoitoalalta, mutta veri veti yritt\u00e4jyyteen. Markuksen yll\u00e4tt\u00e4v\u00e4n kuoleman j\u00e4lkeen Miian rooli kasvoi ja h\u00e4n otti vetovastuun yrityksest\u00e4 kes\u00e4ll\u00e4 2022.<\/p>\n<p>[\/et_pb_text][\/et_pb_column][\/et_pb_row][et_pb_row column_structure=&#8221;3_5,2_5&#8243; _builder_version=&#8221;4.22.2&#8243; _module_preset=&#8221;default&#8221; global_colors_info=&#8221;{}&#8221;][et_pb_column type=&#8221;3_5&#8243; _builder_version=&#8221;4.22.2&#8243; _module_preset=&#8221;default&#8221; global_colors_info=&#8221;{}&#8221;][et_pb_image src=&#8221;https:\/\/hokkinen.fi\/wp-content\/uploads\/2023\/10\/Eero_15x10_DSC_1216.jpg&#8221; title_text=&#8221;Eero_15x10_DSC_1216&#8243; _builder_version=&#8221;4.22.2&#8243; _module_preset=&#8221;default&#8221; global_colors_info=&#8221;{}&#8221;][\/et_pb_image][\/et_pb_column][et_pb_column type=&#8221;2_5&#8243; _builder_version=&#8221;4.22.2&#8243; _module_preset=&#8221;default&#8221; global_colors_info=&#8221;{}&#8221;][et_pb_text _builder_version=&#8221;4.24.1&#8243; _module_preset=&#8221;default&#8221; text_font_size=&#8221;16px&#8221; global_colors_info=&#8221;{}&#8221;]<\/p>\n<h2>Eero Hintikka, liikennep\u00e4\u00e4llikk\u00f6<\/h2>\n<h4>0400 170 960 | etunimi.sukunimi@hokkinen.fi<\/h4>\n<p>Eero on pitk\u00e4n linjan liikennealan ammattilainen. Kokemusta linja-autonkuljettajan ja liikenneopettajan teht\u00e4vist\u00e4 on kertynyt yhteens\u00e4 muutama vuosikymmen. Esimiesteht\u00e4vist\u00e4 h\u00e4nell\u00e4 on noin kymmenen vuoden kokemus kuljetuksia linja-autolla ja kuorma-autoilla tarjoavasta sek\u00e4 ammattikuljettajia kouluttavasta yrityksest\u00e4. Juuri ennen Hokkiselle siirtymist\u00e4\u00e4n hein\u00e4kuussa 2023 Eero toimi Jyv\u00e4skyl\u00e4n Gradiassa lehtorina kouluttamassa liikenneopettajia.<\/p>\n<p>[\/et_pb_text][\/et_pb_column][\/et_pb_row][\/et_pb_section]<\/p>\n","protected":false},"excerpt":{"rendered":"<p>Tilausliikenne Hokkinen Ky Takomokatu 5 41310 Lepp\u00e4vesi Miia Rekola, toimitusjohtaja 050 590 9502 | toimisto@hokkinen.fi &nbsp; Miia on kolmannen polven yritt\u00e4j\u00e4 Hokkisen suvusta. Miian pappa Benjamin Hokkinen aloitti Tilausliikenne Hokkisen toiminnan sodan j\u00e4lkeen 1946. Sotaveteraani ja Karjalan evakko muutti Laukaan Lepp\u00e4vedelle ja p\u00e4\u00e4tti ty\u00f6llist\u00e4\u00e4 itsens\u00e4 autoalan yritt\u00e4j\u00e4n\u00e4. Yrityksen perustamisvuonna syntyi Esko Hokkinen, joka 1990 luvulla [&hellip;]<\/p>\n","protected":false},"author":2,"featured_media":0,"parent":0,"menu_order":0,"comment_status":"closed","ping_status":"closed","template":"","meta":{"_et_pb_use_builder":"on","_et_pb_old_content":"","_et_gb_content_width":"","footnotes":""},"class_list":["post-123","page","type-page","status-publish","hentry"],"_links":{"self":[{"href":"https:\/\/hokkinen.fi\/index.php?rest_route=\/wp\/v2\/pages\/123","targetHints":{"allow":["GET"]}}],"collection":[{"href":"https:\/\/hokkinen.fi\/index.php?rest_route=\/wp\/v2\/pages"}],"about":[{"href":"https:\/\/hokkinen.fi\/index.php?rest_route=\/wp\/v2\/types\/page"}],"author":[{"embeddable":true,"href":"https:\/\/hokkinen.fi\/index.php?rest_route=\/wp\/v2\/users\/2"}],"replies":[{"embeddable":true,"href":"https:\/\/hokkinen.fi\/index.php?rest_route=%2Fwp%2Fv2%2Fcomments&post=123"}],"version-history":[{"count":9,"href":"https:\/\/hokkinen.fi\/index.php?rest_route=\/wp\/v2\/pages\/123\/revisions"}],"predecessor-version":[{"id":284,"href":"https:\/\/hokkinen.fi\/index.php?rest_route=\/wp\/v2\/pages\/123\/revisions\/284"}],"wp:attachment":[{"href":"https:\/\/hokkinen.fi\/index.php?rest_route=%2Fwp%2Fv2%2Fmedia&parent=123"}],"curies":[{"name":"wp","href":"https:\/\/api.w.org\/{rel}","templated":true}]}}