{"id":134,"date":"2023-09-30T09:33:24","date_gmt":"2023-09-30T06:33:24","guid":{"rendered":"https:\/\/hokkinen.fi\/?page_id=134"},"modified":"2026-02-11T10:27:25","modified_gmt":"2026-02-11T08:27:25","slug":"ammattipatevyyskoulutus","status":"publish","type":"page","link":"https:\/\/hokkinen.fi\/?page_id=134","title":{"rendered":"Ammattip\u00e4tevyyskoulutus"},"content":{"rendered":"<p>[et_pb_section fb_built=&#8221;1&#8243; admin_label=&#8221;section&#8221; _builder_version=&#8221;4.16&#8243; global_colors_info=&#8221;{}&#8221;][et_pb_row admin_label=&#8221;row&#8221; _builder_version=&#8221;4.16&#8243; background_size=&#8221;initial&#8221; background_position=&#8221;top_left&#8221; background_repeat=&#8221;repeat&#8221; global_colors_info=&#8221;{}&#8221; column_structure=&#8221;1_3,1_3,1_3&#8243; custom_padding=&#8221;22px|||||&#8221;][et_pb_column type=&#8221;1_3&#8243; _builder_version=&#8221;4.16&#8243; custom_padding=&#8221;|||&#8221; global_colors_info=&#8221;{}&#8221; custom_padding__hover=&#8221;|||&#8221;][et_pb_blurb title=&#8221;Tilausliikenne Hokkinen on my\u00f6s autokoulu!&#8221; image=&#8221;https:\/\/hokkinen.fi\/wp-content\/uploads\/2026\/02\/Tilausliikenne-Hokkinen-jarjestaa-1-esite-1.pdf&#8221; _builder_version=&#8221;4.24.1&#8243; _module_preset=&#8221;default&#8221; title_text=&#8221;Tilausliikenne Hokkinen j\u00e4rjest\u00e4\u00e4 1 esite&#8221; hover_enabled=&#8221;0&#8243; sticky_enabled=&#8221;0&#8243; custom_margin=&#8221;||76px|||&#8221;]<\/p>\n<p>Kauttamme saa r\u00e4\u00e4t\u00e4l\u00f6ityj\u00e4 ammattip\u00e4tevyyskoulutuksia. Ota rohkeasti yhteytt\u00e4 ja kysy teid\u00e4n yritykselle sopivan koulutuksen j\u00e4rjest\u00e4misest\u00e4. Yksitt\u00e4iset kuljettajat voivat ilmoittautua mukaan avoimiin koulutuksiin. Kysy lis\u00e4\u00e4: Eero Hintikka, p. 0400 170 960.<\/p>\n<p>[\/et_pb_blurb][et_pb_blurb image=&#8221;https:\/\/hokkinen.fi\/wp-content\/uploads\/2026\/02\/mainos-1.jpg&#8221; _builder_version=&#8221;4.24.1&#8243; _module_preset=&#8221;default&#8221; title_text=&#8221;mainos 1&#8243; hover_enabled=&#8221;0&#8243; sticky_enabled=&#8221;0&#8243;][\/et_pb_blurb][\/et_pb_column][et_pb_column type=&#8221;1_3&#8243; _builder_version=&#8221;4.16&#8243; custom_padding=&#8221;|||&#8221; global_colors_info=&#8221;{}&#8221; custom_padding__hover=&#8221;|||&#8221;][et_pb_blurb title=&#8221;T\u00e4ss\u00e4 esimerkkej\u00e4 jo j\u00e4rjestetyist\u00e4 koulutuksista.&#8221; image=&#8221;https:\/\/hokkinen.fi\/wp-content\/uploads\/2026\/02\/Tilausliikenne-Hokkinen-jarjestaa-3-esite.pdf&#8221; _builder_version=&#8221;4.24.1&#8243; _module_preset=&#8221;default&#8221; title_text=&#8221;Tilausliikenne Hokkinen j\u00e4rjest\u00e4\u00e4 3 esite&#8221; hover_enabled=&#8221;0&#8243; sticky_enabled=&#8221;0&#8243; min_height=&#8221;146.8px&#8221; custom_padding=&#8221;68px||0px|||&#8221;][\/et_pb_blurb][et_pb_blurb image=&#8221;https:\/\/hokkinen.fi\/wp-content\/uploads\/2026\/02\/mainos-2.jpg&#8221; _builder_version=&#8221;4.24.1&#8243; _module_preset=&#8221;default&#8221; title_text=&#8221;mainos 2&#8243; hover_enabled=&#8221;0&#8243; sticky_enabled=&#8221;0&#8243; custom_margin=&#8221;0px|||||&#8221;][\/et_pb_blurb][\/et_pb_column][et_pb_column type=&#8221;1_3&#8243; _builder_version=&#8221;4.16&#8243; custom_padding=&#8221;|||&#8221; global_colors_info=&#8221;{}&#8221; custom_padding__hover=&#8221;|||&#8221;][et_pb_blurb title=&#8221;H\u00e4t\u00e4ensiapu koulutusta Vuonteella 2025.&#8221; image=&#8221;https:\/\/hokkinen.fi\/wp-content\/uploads\/2026\/02\/koulutus-1-kopio.jpg&#8221; _builder_version=&#8221;4.24.1&#8243; _module_preset=&#8221;default&#8221; title_text=&#8221;koulutus 1 kopio&#8221; hover_enabled=&#8221;0&#8243; sticky_enabled=&#8221;0&#8243; custom_margin=&#8221;222px|||||&#8221;][\/et_pb_blurb][et_pb_blurb image=&#8221;https:\/\/hokkinen.fi\/wp-content\/uploads\/2026\/02\/koulutus-2-kopio.jpg&#8221; _builder_version=&#8221;4.24.1&#8243; _module_preset=&#8221;default&#8221; title_text=&#8221;koulutus 2 kopio&#8221; hover_enabled=&#8221;0&#8243; sticky_enabled=&#8221;0&#8243;][\/et_pb_blurb][\/et_pb_column][\/et_pb_row][\/et_pb_section]<\/p>\n","protected":false},"excerpt":{"rendered":"<p>Kauttamme saa r\u00e4\u00e4t\u00e4l\u00f6ityj\u00e4 ammattip\u00e4tevyyskoulutuksia. Ota rohkeasti yhteytt\u00e4 ja kysy teid\u00e4n yritykselle sopivan koulutuksen j\u00e4rjest\u00e4misest\u00e4. Yksitt\u00e4iset kuljettajat voivat ilmoittautua mukaan avoimiin koulutuksiin. Kysy lis\u00e4\u00e4: Eero Hintikka, p. 0400 170 960.<\/p>\n","protected":false},"author":2,"featured_media":0,"parent":0,"menu_order":0,"comment_status":"closed","ping_status":"closed","template":"","meta":{"_et_pb_use_builder":"on","_et_pb_old_content":"<!-- wp:paragraph -->\n<p>Sivun toteutus viel\u00e4 kesken. Pyrit\u00e4\u00e4n julkaisemaan mahdollisimman pian.<\/p>\n<!-- \/wp:paragraph -->","_et_gb_content_width":"","footnotes":""},"class_list":["post-134","page","type-page","status-publish","hentry"],"_links":{"self":[{"href":"https:\/\/hokkinen.fi\/index.php?rest_route=\/wp\/v2\/pages\/134","targetHints":{"allow":["GET"]}}],"collection":[{"href":"https:\/\/hokkinen.fi\/index.php?rest_route=\/wp\/v2\/pages"}],"about":[{"href":"https:\/\/hokkinen.fi\/index.php?rest_route=\/wp\/v2\/types\/page"}],"author":[{"embeddable":true,"href":"https:\/\/hokkinen.fi\/index.php?rest_route=\/wp\/v2\/users\/2"}],"replies":[{"embeddable":true,"href":"https:\/\/hokkinen.fi\/index.php?rest_route=%2Fwp%2Fv2%2Fcomments&post=134"}],"version-history":[{"count":6,"href":"https:\/\/hokkinen.fi\/index.php?rest_route=\/wp\/v2\/pages\/134\/revisions"}],"predecessor-version":[{"id":439,"href":"https:\/\/hokkinen.fi\/index.php?rest_route=\/wp\/v2\/pages\/134\/revisions\/439"}],"wp:attachment":[{"href":"https:\/\/hokkinen.fi\/index.php?rest_route=%2Fwp%2Fv2%2Fmedia&parent=134"}],"curies":[{"name":"wp","href":"https:\/\/api.w.org\/{rel}","templated":true}]}}